{"id":5,"date":"2014-06-11T13:24:57","date_gmt":"2014-06-11T13:24:57","guid":{"rendered":"http:\/\/pexetothemes.com\/demos\/story_demos\/health-and-lifestyle\/?page_id=5"},"modified":"2016-10-06T14:13:28","modified_gmt":"2016-10-06T14:13:28","slug":"home","status":"publish","type":"page","link":"http:\/\/www.gsog.ch\/ch-de","title":{"rendered":"Home"},"content":{"rendered":"<h2>Willkommen bei GSOG &#8211; Ihr Partner f\u00fcr Gesamtl\u00f6sungen im Innenausbau<\/h2>\n<div tabindex=\"0\" class=\"cycloneslider cycloneslider-template-standard cycloneslider-width-responsive\" id=\"cycloneslider-home_slider_cy-1\" style=\"max-width:1200px\" > <div class=\"cycloneslider-slides cycle-slideshow\" data-cycle-allow-wrap=\"true\" data-cycle-dynamic-height=\"off\" data-cycle-auto-height=\"1200:700\" data-cycle-auto-height-easing=\"null\" data-cycle-auto-height-speed=\"250\" data-cycle-delay=\"0\" data-cycle-easing=\"\" data-cycle-fx=\"fade\" data-cycle-hide-non-active=\"true\" data-cycle-log=\"false\" data-cycle-next=\"#cycloneslider-home_slider_cy-1 .cycloneslider-next\" data-cycle-pager=\"#cycloneslider-home_slider_cy-1 .cycloneslider-pager\" data-cycle-pause-on-hover=\"true\" data-cycle-prev=\"#cycloneslider-home_slider_cy-1 .cycloneslider-prev\" data-cycle-slides=\"&gt; div\" data-cycle-speed=\"1000\" data-cycle-swipe=\"1\" data-cycle-tile-count=\"7\" data-cycle-tile-delay=\"100\" data-cycle-tile-vertical=\"true\" data-cycle-timeout=\"4000\" > <div class=\"cycloneslider-slide cycloneslider-slide-image\" > <img decoding=\"async\" src=\"http:\/\/www.gsog.ch\/ch-de\/wp-content\/uploads\/2015\/11\/image286-1200x700.jpg\" alt=\"\" title=\"\" \/> <\/div> <div class=\"cycloneslider-slide cycloneslider-slide-image\" > <img decoding=\"async\" src=\"http:\/\/www.gsog.ch\/ch-de\/wp-content\/uploads\/2015\/11\/image276-1200x700.jpg\" alt=\"\" title=\"\" \/> <\/div> <div class=\"cycloneslider-slide cycloneslider-slide-image\" > <img decoding=\"async\" src=\"http:\/\/www.gsog.ch\/ch-de\/wp-content\/uploads\/2015\/11\/image266-1200x700.jpg\" alt=\"\" title=\"\" \/> <\/div> <div class=\"cycloneslider-slide cycloneslider-slide-image\" > <img decoding=\"async\" src=\"http:\/\/www.gsog.ch\/ch-de\/wp-content\/uploads\/2015\/11\/image256-1200x700.jpg\" alt=\"\" title=\"\" \/> <\/div> <div class=\"cycloneslider-slide cycloneslider-slide-image\" > <img decoding=\"async\" src=\"http:\/\/www.gsog.ch\/ch-de\/wp-content\/uploads\/2015\/11\/image246-1200x700.jpg\" alt=\"\" title=\"\" \/> <\/div> <div class=\"cycloneslider-slide cycloneslider-slide-image\" > <img decoding=\"async\" src=\"http:\/\/www.gsog.ch\/ch-de\/wp-content\/uploads\/2015\/11\/image236-1200x700.jpg\" alt=\"\" title=\"\" \/> <\/div> <div class=\"cycloneslider-slide cycloneslider-slide-image\" > <img decoding=\"async\" src=\"http:\/\/www.gsog.ch\/ch-de\/wp-content\/uploads\/2015\/11\/image226-1200x700.jpg\" alt=\"\" title=\"\" \/> <\/div> <div class=\"cycloneslider-slide cycloneslider-slide-image\" > <img decoding=\"async\" src=\"http:\/\/www.gsog.ch\/ch-de\/wp-content\/uploads\/2015\/11\/image2111-1200x700.jpg\" alt=\"\" title=\"\" \/> <\/div> <div class=\"cycloneslider-slide cycloneslider-slide-image\" > <img decoding=\"async\" src=\"http:\/\/www.gsog.ch\/ch-de\/wp-content\/uploads\/2015\/11\/image206-1200x700.jpg\" alt=\"\" title=\"\" \/> <\/div> <div class=\"cycloneslider-slide cycloneslider-slide-image\" > <img decoding=\"async\" src=\"http:\/\/www.gsog.ch\/ch-de\/wp-content\/uploads\/2015\/11\/image186-1200x700.jpg\" alt=\"\" title=\"\" \/> <\/div> <div class=\"cycloneslider-slide cycloneslider-slide-image\" > <img decoding=\"async\" src=\"http:\/\/www.gsog.ch\/ch-de\/wp-content\/uploads\/2015\/11\/image176-1200x700.jpg\" alt=\"\" title=\"\" \/> <\/div> <div class=\"cycloneslider-slide cycloneslider-slide-image\" > <img decoding=\"async\" src=\"http:\/\/www.gsog.ch\/ch-de\/wp-content\/uploads\/2015\/11\/image145-1200x700.jpg\" alt=\"\" title=\"\" \/> <\/div> <div class=\"cycloneslider-slide cycloneslider-slide-image\" > <img decoding=\"async\" src=\"http:\/\/www.gsog.ch\/ch-de\/wp-content\/uploads\/2015\/11\/image125-1200x700.jpg\" alt=\"\" title=\"\" \/> <\/div> <div class=\"cycloneslider-slide cycloneslider-slide-image\" > <img decoding=\"async\" src=\"http:\/\/www.gsog.ch\/ch-de\/wp-content\/uploads\/2015\/11\/image1110-1200x700.jpg\" alt=\"\" title=\"\" \/> <\/div> <div class=\"cycloneslider-slide cycloneslider-slide-image\" > <img decoding=\"async\" src=\"http:\/\/www.gsog.ch\/ch-de\/wp-content\/uploads\/2015\/11\/image95-1200x700.jpg\" alt=\"\" title=\"\" \/> <\/div> <div class=\"cycloneslider-slide cycloneslider-slide-image\" > <img decoding=\"async\" src=\"http:\/\/www.gsog.ch\/ch-de\/wp-content\/uploads\/2015\/11\/image86-1200x700.jpg\" alt=\"\" title=\"\" \/> <\/div> <div class=\"cycloneslider-slide cycloneslider-slide-image\" > <img decoding=\"async\" src=\"http:\/\/www.gsog.ch\/ch-de\/wp-content\/uploads\/2015\/11\/image66-1200x700.jpg\" alt=\"\" title=\"\" \/> <\/div> <div class=\"cycloneslider-slide cycloneslider-slide-image\" > <img decoding=\"async\" src=\"http:\/\/www.gsog.ch\/ch-de\/wp-content\/uploads\/2015\/11\/image343-1200x700.jpg\" alt=\"\" title=\"\" \/> <\/div> <div class=\"cycloneslider-slide cycloneslider-slide-image\" > <img decoding=\"async\" src=\"http:\/\/www.gsog.ch\/ch-de\/wp-content\/uploads\/2015\/11\/image57-1200x700.jpg\" alt=\"\" title=\"\" \/> <\/div> <div class=\"cycloneslider-slide cycloneslider-slide-image\" > <img decoding=\"async\" src=\"http:\/\/www.gsog.ch\/ch-de\/wp-content\/uploads\/2015\/11\/image47-1200x700.jpg\" alt=\"\" title=\"\" \/> <\/div> <div class=\"cycloneslider-slide cycloneslider-slide-image\" > <img decoding=\"async\" src=\"http:\/\/www.gsog.ch\/ch-de\/wp-content\/uploads\/2015\/11\/image317-1200x700.jpg\" alt=\"\" title=\"\" \/> <\/div> <div class=\"cycloneslider-slide cycloneslider-slide-image\" > <img decoding=\"async\" src=\"http:\/\/www.gsog.ch\/ch-de\/wp-content\/uploads\/2015\/11\/image220-1200x700.jpg\" alt=\"\" title=\"\" \/> <\/div> <div class=\"cycloneslider-slide cycloneslider-slide-image\" > <img decoding=\"async\" src=\"http:\/\/www.gsog.ch\/ch-de\/wp-content\/uploads\/2015\/11\/image336-1200x700.jpg\" alt=\"\" title=\"\" \/> <\/div> <div class=\"cycloneslider-slide cycloneslider-slide-image\" > <img decoding=\"async\" src=\"http:\/\/www.gsog.ch\/ch-de\/wp-content\/uploads\/2015\/11\/image326-1200x700.jpg\" alt=\"\" title=\"\" \/> <\/div> <div class=\"cycloneslider-slide cycloneslider-slide-image\" > <img decoding=\"async\" src=\"http:\/\/www.gsog.ch\/ch-de\/wp-content\/uploads\/2015\/11\/image316-1200x700.jpg\" alt=\"\" title=\"\" \/> <\/div> <div class=\"cycloneslider-slide cycloneslider-slide-image\" > <img decoding=\"async\" src=\"http:\/\/www.gsog.ch\/ch-de\/wp-content\/uploads\/2015\/11\/image306-1200x700.jpg\" alt=\"\" title=\"\" \/> <\/div> <div class=\"cycloneslider-slide cycloneslider-slide-image\" > <img decoding=\"async\" src=\"http:\/\/www.gsog.ch\/ch-de\/wp-content\/uploads\/2015\/11\/image296-1200x700.jpg\" alt=\"\" title=\"\" \/> <\/div> <div class=\"cycloneslider-slide cycloneslider-slide-image\" > <img decoding=\"async\" src=\"http:\/\/www.gsog.ch\/ch-de\/wp-content\/uploads\/2015\/11\/image342-1200x700.jpg\" alt=\"\" title=\"\" \/> <\/div> <div class=\"cycloneslider-slide cycloneslider-slide-image\" > <img decoding=\"async\" src=\"http:\/\/www.gsog.ch\/ch-de\/wp-content\/uploads\/2015\/11\/image305-1200x700.jpg\" alt=\"\" title=\"\" \/> <\/div> <div class=\"cycloneslider-slide cycloneslider-slide-image\" > <img decoding=\"async\" src=\"http:\/\/www.gsog.ch\/ch-de\/wp-content\/uploads\/2015\/11\/image295-1200x700.jpg\" alt=\"\" title=\"\" \/> <\/div> <div class=\"cycloneslider-slide cycloneslider-slide-image\" > <img decoding=\"async\" src=\"http:\/\/www.gsog.ch\/ch-de\/wp-content\/uploads\/2015\/11\/image285-1200x700.jpg\" alt=\"\" title=\"\" \/> <\/div> <div class=\"cycloneslider-slide cycloneslider-slide-image\" > <img decoding=\"async\" src=\"http:\/\/www.gsog.ch\/ch-de\/wp-content\/uploads\/2015\/11\/image275-1200x700.jpg\" alt=\"\" title=\"\" \/> <\/div> <div class=\"cycloneslider-slide cycloneslider-slide-image\" > <img decoding=\"async\" src=\"http:\/\/www.gsog.ch\/ch-de\/wp-content\/uploads\/2015\/11\/image265-1200x700.jpg\" alt=\"\" title=\"\" \/> <\/div> <div class=\"cycloneslider-slide cycloneslider-slide-image\" > <img decoding=\"async\" src=\"http:\/\/www.gsog.ch\/ch-de\/wp-content\/uploads\/2015\/11\/image255-1200x700.jpg\" alt=\"\" title=\"\" \/> <\/div> <div class=\"cycloneslider-slide cycloneslider-slide-image\" > <img decoding=\"async\" src=\"http:\/\/www.gsog.ch\/ch-de\/wp-content\/uploads\/2015\/11\/image245-1200x700.jpg\" alt=\"\" title=\"\" \/> <\/div> <div class=\"cycloneslider-slide cycloneslider-slide-image\" > <img decoding=\"async\" src=\"http:\/\/www.gsog.ch\/ch-de\/wp-content\/uploads\/2015\/11\/image235-1200x700.jpg\" alt=\"\" title=\"\" \/> <\/div> <div class=\"cycloneslider-slide cycloneslider-slide-image\" > <img decoding=\"async\" src=\"http:\/\/www.gsog.ch\/ch-de\/wp-content\/uploads\/2015\/11\/image2110-1200x700.jpg\" alt=\"\" title=\"\" \/> <\/div> <div class=\"cycloneslider-slide cycloneslider-slide-image\" > <img decoding=\"async\" src=\"http:\/\/www.gsog.ch\/ch-de\/wp-content\/uploads\/2015\/11\/image195-1200x700.jpg\" alt=\"\" title=\"\" \/> <\/div> <div class=\"cycloneslider-slide cycloneslider-slide-image\" > <img decoding=\"async\" src=\"http:\/\/www.gsog.ch\/ch-de\/wp-content\/uploads\/2015\/11\/image185-1200x700.jpg\" alt=\"\" title=\"\" \/> <\/div> <div class=\"cycloneslider-slide cycloneslider-slide-image\" > <img decoding=\"async\" src=\"http:\/\/www.gsog.ch\/ch-de\/wp-content\/uploads\/2015\/11\/IMG-20150617-WA0022-1200x700.jpg\" alt=\"\" title=\"\" \/> <\/div> <div class=\"cycloneslider-slide cycloneslider-slide-image\" > <img decoding=\"async\" src=\"http:\/\/www.gsog.ch\/ch-de\/wp-content\/uploads\/2015\/11\/IMG-20150612-WA0002-1200x700.jpg\" alt=\"\" title=\"\" \/> <\/div> <div class=\"cycloneslider-slide cycloneslider-slide-image\" > <img decoding=\"async\" src=\"http:\/\/www.gsog.ch\/ch-de\/wp-content\/uploads\/2015\/11\/IMG-20150619-WA0004-1200x700.jpg\" alt=\"\" title=\"\" \/> <\/div> <div class=\"cycloneslider-slide cycloneslider-slide-image\" > <img decoding=\"async\" src=\"http:\/\/www.gsog.ch\/ch-de\/wp-content\/uploads\/2015\/11\/IMG-20150619-WA0005-1200x700.jpg\" alt=\"\" title=\"\" \/> <\/div> <div class=\"cycloneslider-slide cycloneslider-slide-image\" > <img decoding=\"async\" src=\"http:\/\/www.gsog.ch\/ch-de\/wp-content\/uploads\/2015\/11\/IMG-20150311-WA0002-1200x700.jpg\" alt=\"\" title=\"\" \/> <\/div> <div class=\"cycloneslider-slide cycloneslider-slide-image\" > <img decoding=\"async\" src=\"http:\/\/www.gsog.ch\/ch-de\/wp-content\/uploads\/2015\/11\/IMG-20150311-WA0003-1200x700.jpg\" alt=\"\" title=\"\" \/> <\/div> <div class=\"cycloneslider-slide cycloneslider-slide-image\" > <img decoding=\"async\" src=\"http:\/\/www.gsog.ch\/ch-de\/wp-content\/uploads\/2015\/11\/IMG_1036-1200x700.jpg\" alt=\"\" title=\"\" \/> <\/div> <div class=\"cycloneslider-slide cycloneslider-slide-image\" > <img decoding=\"async\" src=\"http:\/\/www.gsog.ch\/ch-de\/wp-content\/uploads\/2015\/11\/IMG_1015-1200x700.jpg\" alt=\"\" title=\"\" \/> <\/div> <div class=\"cycloneslider-slide cycloneslider-slide-image\" > <img decoding=\"async\" src=\"http:\/\/www.gsog.ch\/ch-de\/wp-content\/uploads\/2015\/11\/IMG_0993-1200x700.jpg\" alt=\"\" title=\"\" \/> <\/div> <div class=\"cycloneslider-slide cycloneslider-slide-image\" > <img decoding=\"async\" src=\"http:\/\/www.gsog.ch\/ch-de\/wp-content\/uploads\/2015\/11\/IMG_1002-1200x700.jpg\" alt=\"\" title=\"\" \/> <\/div> <div class=\"cycloneslider-slide cycloneslider-slide-image\" > <img decoding=\"async\" src=\"http:\/\/www.gsog.ch\/ch-de\/wp-content\/uploads\/2015\/11\/glattbrugg-0759-1200x700.jpg\" alt=\"\" title=\"\" \/> <\/div> <div class=\"cycloneslider-slide cycloneslider-slide-image\" > <img decoding=\"async\" src=\"http:\/\/www.gsog.ch\/ch-de\/wp-content\/uploads\/2015\/11\/IMG_1052-1200x700.jpg\" alt=\"\" title=\"\" \/> <\/div> <\/div> <a href=\"#\" class=\"cycloneslider-prev\"> <span class=\"arrow\"><\/span> <\/a> <a href=\"#\" class=\"cycloneslider-next\"> <span class=\"arrow\"><\/span> <\/a> <\/div>\n<p><\/br><\/p>\n<p style=\"text-align: left;\">Jedes auch so simple Bauvorhaben beginnt mit einer Vision, die von uns aufgenommen wird, an die Gegebenheiten angepasst und<br \/>\nanschliessend realisiert wird. Egal ob eine Standart-Renovierung oder eine gehobene Qualit\u00e4t, mit unserer Erfahrung und unserer<br \/>\nKreativit\u00e4t machen wir aus jedem Projekt etwas Einzigartiges.<\/p>\n<p><\/br><\/p>\n<p style=\"text-align: left;\">Wir nehmen Ihre W\u00fcnsche sorgf\u00e4ltig auf und erst dann beginnen wir zu planen. Ob Einfamilienhaus, Mehrfamilienhaus, Gesch\u00e4ftshaus<br \/>\noder Villa, mit unserem breiten Fachwissen und fundierter Erfahrung in der Baubranche sind wir in der Lage, Ihr Projekt professionell umzusetzen<br \/>\nund gleichzeitig f\u00fcr Sie die optimalste und kosteneffizienteste L\u00f6sung finden.<\/p>\n<p><\/br><\/p>\n<p style=\"text-align: left;\">Fragen Sie uns unverbindlich an. Wir freuen uns auf Sie.<br \/>\n<strong>Ihr GSoG Team<\/strong><\/p>\n<p><\/br>\n<\/div>\n","protected":false},"excerpt":{"rendered":"<p>Willkommen bei GSOG &#8211; Ihr Partner f\u00fcr Gesamtl\u00f6sungen im Innenausbau Jedes auch so simple Bauvorhaben beginnt mit einer Vision, die [&hellip;]<\/p>\n","protected":false},"author":1,"featured_media":0,"parent":0,"menu_order":0,"comment_status":"open","ping_status":"open","template":"template-full-custom.php","meta":{"footnotes":""},"class_list":["post-5","page","type-page","status-publish","hentry"],"_links":{"self":[{"href":"http:\/\/www.gsog.ch\/ch-de\/index.php?rest_route=\/wp\/v2\/pages\/5","targetHints":{"allow":["GET"]}}],"collection":[{"href":"http:\/\/www.gsog.ch\/ch-de\/index.php?rest_route=\/wp\/v2\/pages"}],"about":[{"href":"http:\/\/www.gsog.ch\/ch-de\/index.php?rest_route=\/wp\/v2\/types\/page"}],"author":[{"embeddable":true,"href":"http:\/\/www.gsog.ch\/ch-de\/index.php?rest_route=\/wp\/v2\/users\/1"}],"replies":[{"embeddable":true,"href":"http:\/\/www.gsog.ch\/ch-de\/index.php?rest_route=%2Fwp%2Fv2%2Fcomments&post=5"}],"version-history":[{"count":0,"href":"http:\/\/www.gsog.ch\/ch-de\/index.php?rest_route=\/wp\/v2\/pages\/5\/revisions"}],"wp:attachment":[{"href":"http:\/\/www.gsog.ch\/ch-de\/index.php?rest_route=%2Fwp%2Fv2%2Fmedia&parent=5"}],"curies":[{"name":"wp","href":"https:\/\/api.w.org\/{rel}","templated":true}]}}