{"id":11,"date":"2014-06-11T13:25:48","date_gmt":"2014-06-11T13:25:48","guid":{"rendered":"http:\/\/pexetothemes.com\/demos\/story_demos\/health-and-lifestyle\/?page_id=11"},"modified":"2015-11-03T20:54:39","modified_gmt":"2015-11-03T20:54:39","slug":"ueberuns","status":"publish","type":"page","link":"http:\/\/www.gsog.ch\/ch-de?page_id=11","title":{"rendered":"\u00dcBER UNS"},"content":{"rendered":"<p>Als Totalunternehmer realisieren wir qualitativ hochwertige, \u00f6kologische und nachhaltige Bauwerke und m\u00f6chten die beste Rentabilit\u00e4t f\u00fcr unsere Kunden erzielen.<br \/>\n<br \/>\n<strong>Wir bewerten<\/strong><br \/>\nWenn Sie Ihre Immobilie umbauen, sanieren oder renovieren wollen, ist es wichtig, den Marktwert zu kennen. Bevor wir also eine Gesamtl\u00f6sung f\u00fcr Sie erarbeiten, ermitteln wir diesen Wert mit unabh\u00e4ngigen Immobilienspezialisten. So steht Ihr Projekt von Anfang an auf einer rechnerisch soliden Grundlage.<\/p>\n<p><strong><br \/>\nWir beraten<\/strong><br \/>\nBetrachten Sie uns als objektiven Partner f\u00fcr Ihr Bauvorhaben. Je nach Status und Verwendungszweck des Objekts, sowie nach Ihrem Budget, finden wir die optimale L\u00f6sung. Unser Ziel bleibt dabei immer dasselbe: ein qualitativ hochwertiges, \u00f6kologisches und damit nachhaltiges Bauwerk.<\/p>\n<p><strong><br \/>\nWir entwickeln<\/strong><br \/>\nUnsere Aufgabe ist es, f\u00fcr Sie einen Mehrwert zu schaffen. Wir erarbeiten ein oder mehrere Gesamtkonzepte (Teilsanierung, Gesamtsanierung) und optimieren dabei die Bauqualit\u00e4t sowie Ihre Rendite. Dabei stellen wir die Kosten immer direkt mit dem Ertrag in Relation. So sind Ihre Investitionen auf der sicheren Seite.<\/p>\n<p><strong><br \/>\nWir realisieren<\/strong><\/p>\n<p>F\u00fcr die Umsetzung Ihres Projekts f\u00fchren wir die richtigen Fachplaner und Unternehmer zusammen. Wir koordinieren die Arbeiten, kontrollieren und \u00fcbernehmen die gesamte Verantwortung. F\u00fcr Sie heisst das: ein garantierter Preis, garantierte Termine und garantierte Qualit\u00e4t.<\/p>\n","protected":false},"excerpt":{"rendered":"<p>Als Totalunternehmer realisieren wir qualitativ hochwertige, \u00f6kologische und nachhaltige Bauwerke und m\u00f6chten die beste Rentabilit\u00e4t f\u00fcr unsere Kunden erzielen. Wir [&hellip;]<\/p>\n","protected":false},"author":1,"featured_media":0,"parent":0,"menu_order":0,"comment_status":"open","ping_status":"open","template":"","meta":{"footnotes":""},"class_list":["post-11","page","type-page","status-publish","hentry"],"_links":{"self":[{"href":"http:\/\/www.gsog.ch\/ch-de\/index.php?rest_route=\/wp\/v2\/pages\/11","targetHints":{"allow":["GET"]}}],"collection":[{"href":"http:\/\/www.gsog.ch\/ch-de\/index.php?rest_route=\/wp\/v2\/pages"}],"about":[{"href":"http:\/\/www.gsog.ch\/ch-de\/index.php?rest_route=\/wp\/v2\/types\/page"}],"author":[{"embeddable":true,"href":"http:\/\/www.gsog.ch\/ch-de\/index.php?rest_route=\/wp\/v2\/users\/1"}],"replies":[{"embeddable":true,"href":"http:\/\/www.gsog.ch\/ch-de\/index.php?rest_route=%2Fwp%2Fv2%2Fcomments&post=11"}],"version-history":[{"count":0,"href":"http:\/\/www.gsog.ch\/ch-de\/index.php?rest_route=\/wp\/v2\/pages\/11\/revisions"}],"wp:attachment":[{"href":"http:\/\/www.gsog.ch\/ch-de\/index.php?rest_route=%2Fwp%2Fv2%2Fmedia&parent=11"}],"curies":[{"name":"wp","href":"https:\/\/api.w.org\/{rel}","templated":true}]}}