{"id":1079,"date":"2015-11-03T16:02:52","date_gmt":"2015-11-03T16:02:52","guid":{"rendered":"http:\/\/www.gsog.ch\/ch-de\/?page_id=1079"},"modified":"2015-11-06T13:51:55","modified_gmt":"2015-11-06T13:51:55","slug":"dienstleistungen","status":"publish","type":"page","link":"http:\/\/www.gsog.ch\/ch-de?page_id=1079","title":{"rendered":"Dienstleistungen"},"content":{"rendered":"<p><strong>Fachm\u00e4nnische Beratung<\/strong><\/p>\n<p>Am Anfang stehen zwei Dinge, Ihre Bed\u00fcrfnisse und unsere fundierte Beratung. Wir sprechen mit Ihnen, wir nehmen Ihre W\u00fcnsche auf und erst dann beginnen wir zu planen. Ob Ihr Einfamilienhaus, Ihr Mehrfamilienhaus oder Ihr Gesch\u00e4ftshaus, wir und unsere Partner helfen Ihnen, die f\u00fcr Sie optimalste und kosteneffizienteste L\u00f6sung zu finden. Wir zeigen Ihnen Optionen auf und erkl\u00e4ren Ihnen die gesetzlichen Regelungen. Fragen Sie uns unverbindlich an, wir beraten Sie gerne.<\/p>\n<p>&nbsp;<\/p>\n<p><strong>Individuelle Planung<\/strong><\/p>\n<p>Jedes auch so simple Bauvorhaben beginnt mit einer Vision, die von uns aufgenommen wird, an die Gegebenheiten angepasst und anschliessend realisiert wird.<br \/>\nEgal ob eine Standart-Renovierung oder eine gehobene Qualit\u00e4t, mit unserer Erfahrung und unserer Kreativit\u00e4t machen wir aus jedem Projekt etwas einzigartiges.<\/p>\n<p>Mit unserem breiten Fachwissen und unserer Erfahrung in der Baubranche k\u00f6nnen wir\u00a0alle \u00a0Arbeiten f\u00fcr Sie \u00fcbernehmen:<\/p>\n<p>&nbsp;<\/p>\n<p><strong>Ausf\u00fchrung<\/strong><\/p>\n<p>Nach optimaler Planung, folgt die konsequente Ausf\u00fchrung.<br \/>\nDie beste Planung bringt nichts, wenn die Ausf\u00fchrung nicht konsequent und zielorientiert durchgef\u00fchrt wird. Mit uns als Partner ist Ihnen die fachgerechte Ausf\u00fchrung garantiert.<\/p>\n","protected":false},"excerpt":{"rendered":"<p>Fachm\u00e4nnische Beratung Am Anfang stehen zwei Dinge, Ihre Bed\u00fcrfnisse und unsere fundierte Beratung. Wir sprechen mit Ihnen, wir nehmen Ihre [&hellip;]<\/p>\n","protected":false},"author":1,"featured_media":0,"parent":0,"menu_order":0,"comment_status":"closed","ping_status":"closed","template":"","meta":{"footnotes":""},"class_list":["post-1079","page","type-page","status-publish","hentry"],"_links":{"self":[{"href":"http:\/\/www.gsog.ch\/ch-de\/index.php?rest_route=\/wp\/v2\/pages\/1079","targetHints":{"allow":["GET"]}}],"collection":[{"href":"http:\/\/www.gsog.ch\/ch-de\/index.php?rest_route=\/wp\/v2\/pages"}],"about":[{"href":"http:\/\/www.gsog.ch\/ch-de\/index.php?rest_route=\/wp\/v2\/types\/page"}],"author":[{"embeddable":true,"href":"http:\/\/www.gsog.ch\/ch-de\/index.php?rest_route=\/wp\/v2\/users\/1"}],"replies":[{"embeddable":true,"href":"http:\/\/www.gsog.ch\/ch-de\/index.php?rest_route=%2Fwp%2Fv2%2Fcomments&post=1079"}],"version-history":[{"count":0,"href":"http:\/\/www.gsog.ch\/ch-de\/index.php?rest_route=\/wp\/v2\/pages\/1079\/revisions"}],"wp:attachment":[{"href":"http:\/\/www.gsog.ch\/ch-de\/index.php?rest_route=%2Fwp%2Fv2%2Fmedia&parent=1079"}],"curies":[{"name":"wp","href":"https:\/\/api.w.org\/{rel}","templated":true}]}}